{"id":16578,"date":"2020-06-03T00:56:45","date_gmt":"2020-06-03T05:56:45","guid":{"rendered":"http:\/\/academiabilinguesanlorenzo.com\/wp\/?page_id=16578"},"modified":"2022-10-05T16:39:07","modified_gmt":"2022-10-05T21:39:07","slug":"nosotros","status":"publish","type":"page","link":"https:\/\/academiabilinguesanlorenzo.com\/wp\/nosotros\/","title":{"rendered":"Nosotros"},"content":{"rendered":"\t\t<div data-elementor-type=\"wp-page\" data-elementor-id=\"16578\" class=\"elementor elementor-16578\" data-elementor-post-type=\"page\">\n\t\t\t\t\t\t<section class=\"elementor-section elementor-top-section elementor-element elementor-element-2e4121f elementor-section-boxed elementor-section-height-default elementor-section-height-default\" data-id=\"2e4121f\" data-element_type=\"section\" data-settings=\"{&quot;_ha_eqh_enable&quot;:false}\">\n\t\t\t\t\t\t<div class=\"elementor-container elementor-column-gap-no\">\n\t\t\t\t\t<div class=\"elementor-column elementor-col-100 elementor-top-column elementor-element elementor-element-2414896\" data-id=\"2414896\" data-element_type=\"column\">\n\t\t\t<div class=\"elementor-widget-wrap elementor-element-populated\">\n\t\t\t\t\t\t<section class=\"elementor-section elementor-inner-section elementor-element elementor-element-576916b elementor-section-height-min-height elementor-section-boxed elementor-section-height-default\" data-id=\"576916b\" data-element_type=\"section\" data-settings=\"{&quot;background_background&quot;:&quot;classic&quot;,&quot;_ha_eqh_enable&quot;:false}\">\n\t\t\t\t\t\t<div class=\"elementor-container elementor-column-gap-default\">\n\t\t\t\t\t<div class=\"elementor-column elementor-col-100 elementor-inner-column elementor-element elementor-element-fe77239\" data-id=\"fe77239\" data-element_type=\"column\">\n\t\t\t<div class=\"elementor-widget-wrap\">\n\t\t\t\t\t\t\t<\/div>\n\t\t<\/div>\n\t\t\t\t\t<\/div>\n\t\t<\/section>\n\t\t\t\t\t<\/div>\n\t\t<\/div>\n\t\t\t\t\t<\/div>\n\t\t<\/section>\n\t\t\t\t<section class=\"elementor-section elementor-top-section elementor-element elementor-element-4b6410f elementor-section-boxed elementor-section-height-default elementor-section-height-default\" data-id=\"4b6410f\" data-element_type=\"section\" data-settings=\"{&quot;_ha_eqh_enable&quot;:false}\">\n\t\t\t\t\t\t<div class=\"elementor-container elementor-column-gap-default\">\n\t\t\t\t\t<div class=\"elementor-column elementor-col-100 elementor-top-column elementor-element elementor-element-696eb5e\" data-id=\"696eb5e\" data-element_type=\"column\">\n\t\t\t<div class=\"elementor-widget-wrap elementor-element-populated\">\n\t\t\t\t\t\t<section class=\"elementor-section elementor-inner-section elementor-element elementor-element-f1134da elementor-section-boxed elementor-section-height-default elementor-section-height-default\" data-id=\"f1134da\" data-element_type=\"section\" data-settings=\"{&quot;_ha_eqh_enable&quot;:false}\">\n\t\t\t\t\t\t<div class=\"elementor-container elementor-column-gap-default\">\n\t\t\t\t\t<div class=\"elementor-column elementor-col-100 elementor-inner-column elementor-element elementor-element-8e6ecc2\" data-id=\"8e6ecc2\" data-element_type=\"column\">\n\t\t\t<div class=\"elementor-widget-wrap elementor-element-populated\">\n\t\t\t\t\t\t<div class=\"elementor-element elementor-element-8aa4c57 elementor-widget elementor-widget-heading\" data-id=\"8aa4c57\" data-element_type=\"widget\" data-widget_type=\"heading.default\">\n\t\t\t\t<div class=\"elementor-widget-container\">\n\t\t\t<h2 class=\"elementor-heading-title elementor-size-default\">Rese\u00f1a Hist\u00f3rica<\/h2>\t\t<\/div>\n\t\t\t\t<\/div>\n\t\t\t\t<div class=\"elementor-element elementor-element-083dbc7 elementor-widget elementor-widget-text-editor\" data-id=\"083dbc7\" data-element_type=\"widget\" data-widget_type=\"text-editor.default\">\n\t\t\t\t<div class=\"elementor-widget-container\">\n\t\t\t\t\t\t\t<p>La\u00a0<strong>Academia Biling\u00fce de San Lorenzo<\/strong> dio sus inicios en marzo del 2012 de preescolar a s\u00e9ptimo grado con una poblaci\u00f3n estudiantil de 75 estudiantes siendo sus instalaciones en lo que es hoy el \u00e1rea de pre escolar.<\/p><p>En la actualidad cuenta con una poblaci\u00f3n estudiantil de mas de mil estudiantes desde la Educaci\u00f3n Preescolar hasta duod\u00e9cimo grado. Dando la oportunidad de tener un colegio con amplias instalaciones que permiten a nuestros educandos un ambiente relajado, c\u00f3modo, para una mejor calidad de educaci\u00f3n.<\/p><p>La escuela busca fomentar en su alumnado los valores de responsabilidad, honestidad, compa\u00f1erismo, orden, puntualidad, lealtad y amor.<\/p><p>En la Academia Biling\u00fce de San Lorenzo tenemos una metodolog\u00eda de ense\u00f1anza personalizada, din\u00e1mica y activa en nuestros tres idiomas (espa\u00f1ol, ingl\u00e9s, franc\u00e9s) con mucho \u00e9nfasis en el idioma de ingl\u00e9s, basada en las inteligencias m\u00faltiples, y el desarrollo del pensamiento cr\u00edtico<\/p>\t\t\t\t\t\t<\/div>\n\t\t\t\t<\/div>\n\t\t\t\t\t<\/div>\n\t\t<\/div>\n\t\t\t\t\t<\/div>\n\t\t<\/section>\n\t\t\t\t\t<\/div>\n\t\t<\/div>\n\t\t\t\t\t<\/div>\n\t\t<\/section>\n\t\t\t\t<section class=\"elementor-section elementor-top-section elementor-element elementor-element-3df9062 elementor-section-boxed elementor-section-height-default elementor-section-height-default\" data-id=\"3df9062\" data-element_type=\"section\" data-settings=\"{&quot;background_background&quot;:&quot;classic&quot;,&quot;_ha_eqh_enable&quot;:false}\">\n\t\t\t\t\t\t<div class=\"elementor-container elementor-column-gap-default\">\n\t\t\t\t\t<div class=\"elementor-column elementor-col-100 elementor-top-column elementor-element elementor-element-b2e53f4\" data-id=\"b2e53f4\" data-element_type=\"column\">\n\t\t\t<div class=\"elementor-widget-wrap elementor-element-populated\">\n\t\t\t\t\t\t<section class=\"elementor-section elementor-inner-section elementor-element elementor-element-6181466 elementor-section-boxed elementor-section-height-default elementor-section-height-default\" data-id=\"6181466\" data-element_type=\"section\" data-settings=\"{&quot;_ha_eqh_enable&quot;:false}\">\n\t\t\t\t\t\t<div class=\"elementor-container elementor-column-gap-default\">\n\t\t\t\t\t<div class=\"elementor-column elementor-col-100 elementor-inner-column elementor-element elementor-element-26b0735\" data-id=\"26b0735\" data-element_type=\"column\">\n\t\t\t<div class=\"elementor-widget-wrap elementor-element-populated\">\n\t\t\t\t\t\t<div class=\"elementor-element elementor-element-c6342d3 elementor-widget elementor-widget-heading\" data-id=\"c6342d3\" data-element_type=\"widget\" data-widget_type=\"heading.default\">\n\t\t\t\t<div class=\"elementor-widget-container\">\n\t\t\t<h2 class=\"elementor-heading-title elementor-size-default\">Preparaci\u00f3n Acad\u00e9mica<\/h2>\t\t<\/div>\n\t\t\t\t<\/div>\n\t\t\t\t<div class=\"elementor-element elementor-element-1c04b69 elementor-widget elementor-widget-text-editor\" data-id=\"1c04b69\" data-element_type=\"widget\" data-widget_type=\"text-editor.default\">\n\t\t\t\t<div class=\"elementor-widget-container\">\n\t\t\t\t\t\t\t<p>Preescolar, Primaria y Secundar\u00eda: Promover el desarrollo de actividades, h\u00e1bitos, conocimientos, destrezas, aptitudes y habilidades que favorezcan la formaci\u00f3n integral en valores.<\/p><p>Favorecer el sentido cr\u00edtico y la creatividad, estimulando la formaci\u00f3n de la investigaci\u00f3n cient\u00edfica, human\u00edstica y tecnol\u00f3gica con un plan de estudio completo y competitivo, c\u00f3nsonos con el mercado laboral.<\/p><p>Desde Preescolar se inicia con el proceso de aprendizaje del idioma ingl\u00e9s. Primaria se desarrolla la lecto-escritura, fon\u00e9tica y comprensi\u00f3n del idioma, imparti\u00e9ndola en tres materias: Grammar, Spelling\/Phonics y Reading. A partir de cuarto grado implementamos el idioma de franc\u00e9s. Secundar\u00eda imparte la asignatura de contabilidad, donde se le otorga un Perito Comercial aquellos estudiantes que hayan permanecido en el colegio, desde 7 hasta 10 grado.<\/p><p>Contamos con dos bachilleres: bachillerato en Ciencias con perito comercial y bachillerato en Comercio con sus horas de pr\u00e1ctica profesional y labor social.<\/p><p>La Academia cuenta con enfermer\u00eda, dos canchas de futbol, curso de verano, conjunto t\u00edpico, club de matem\u00e1tica, laboratorios de inform\u00e1tica y ciencias, banda, tutor\u00edas, Psicolog\u00eda, talleres a padres y estudiantes.<\/p>\t\t\t\t\t\t<\/div>\n\t\t\t\t<\/div>\n\t\t\t\t\t<\/div>\n\t\t<\/div>\n\t\t\t\t\t<\/div>\n\t\t<\/section>\n\t\t\t\t\t<\/div>\n\t\t<\/div>\n\t\t\t\t\t<\/div>\n\t\t<\/section>\n\t\t\t\t<section class=\"elementor-section elementor-top-section elementor-element elementor-element-7810981 elementor-section-boxed elementor-section-height-default elementor-section-height-default\" data-id=\"7810981\" data-element_type=\"section\" data-settings=\"{&quot;_ha_eqh_enable&quot;:false}\">\n\t\t\t\t\t\t<div class=\"elementor-container elementor-column-gap-default\">\n\t\t\t\t\t<div class=\"elementor-column elementor-col-100 elementor-top-column elementor-element elementor-element-cc671b2\" data-id=\"cc671b2\" data-element_type=\"column\">\n\t\t\t<div class=\"elementor-widget-wrap elementor-element-populated\">\n\t\t\t\t\t\t<section class=\"elementor-section elementor-inner-section elementor-element elementor-element-8106566 elementor-section-boxed elementor-section-height-default elementor-section-height-default\" data-id=\"8106566\" data-element_type=\"section\" data-settings=\"{&quot;_ha_eqh_enable&quot;:false}\">\n\t\t\t\t\t\t<div class=\"elementor-container elementor-column-gap-wide\">\n\t\t\t\t\t<div class=\"elementor-column elementor-col-50 elementor-inner-column elementor-element elementor-element-5bbf882\" data-id=\"5bbf882\" data-element_type=\"column\">\n\t\t\t<div class=\"elementor-widget-wrap elementor-element-populated\">\n\t\t\t\t\t\t<div class=\"elementor-element elementor-element-3078b49 elementor-widget elementor-widget-heading\" data-id=\"3078b49\" data-element_type=\"widget\" data-widget_type=\"heading.default\">\n\t\t\t\t<div class=\"elementor-widget-container\">\n\t\t\t<h2 class=\"elementor-heading-title elementor-size-default\">Educando en Valores:<\/h2>\t\t<\/div>\n\t\t\t\t<\/div>\n\t\t\t\t<div class=\"elementor-element elementor-element-39b1bdb elementor-widget elementor-widget-text-editor\" data-id=\"39b1bdb\" data-element_type=\"widget\" data-widget_type=\"text-editor.default\">\n\t\t\t\t<div class=\"elementor-widget-container\">\n\t\t\t\t\t\t\t<p>La\u00a0<strong>Academia Biling\u00fce de San Lorenzo<\/strong> se caracteriza por ofrecer una educaci\u00f3n integral de calidad enfocada en \u201cValores\u201d a cada uno de sus estudiantes con la intenci\u00f3n de formar ciudadanas y ciudadanos aut\u00e9nticos que sepan asumir conscientemente los retos de la globalizaci\u00f3n y puedan comprometerse en la construcci\u00f3n de un mundo m\u00e1s justo, m\u00e1s inclusivo, equitativo e intercultural. Trabajamos en valores constantemente, puesto que los transmitimos consciente o inconscientemente, en todas las actividades que proponemos a los alumnos o en nuestra relaci\u00f3n con ellos.<\/p><p><strong>La Misi\u00f3n<\/strong> es capacitar el ser humano en aquellos mecanismos cognitivos y afectivos, que, en completa armon\u00eda, nos ayuden a convivir con la equidad y comprensi\u00f3n necesarias para integrarnos como individuos sociales y como personas \u00fanicas, en el mundo que nos rodea.<\/p>\t\t\t\t\t\t<\/div>\n\t\t\t\t<\/div>\n\t\t\t\t\t<\/div>\n\t\t<\/div>\n\t\t\t\t<div class=\"elementor-column elementor-col-50 elementor-inner-column elementor-element elementor-element-104e513\" data-id=\"104e513\" data-element_type=\"column\">\n\t\t\t<div class=\"elementor-widget-wrap elementor-element-populated\">\n\t\t\t\t\t\t<div class=\"elementor-element elementor-element-3eef31d elementor-widget elementor-widget-image\" data-id=\"3eef31d\" data-element_type=\"widget\" data-widget_type=\"image.default\">\n\t\t\t\t<div class=\"elementor-widget-container\">\n\t\t\t\t\t\t\t\t\t\t\t\t\t<img fetchpriority=\"high\" decoding=\"async\" width=\"947\" height=\"1024\" src=\"https:\/\/i0.wp.com\/academiabilinguesanlorenzo.com\/wp\/wp-content\/uploads\/2020\/06\/kids.jpg?fit=947%2C1024&amp;ssl=1\" class=\"attachment-large size-large wp-image-16584\" alt=\"\" srcset=\"https:\/\/i0.wp.com\/academiabilinguesanlorenzo.com\/wp\/wp-content\/uploads\/2020\/06\/kids.jpg?w=1300&amp;ssl=1 1300w, https:\/\/i0.wp.com\/academiabilinguesanlorenzo.com\/wp\/wp-content\/uploads\/2020\/06\/kids.jpg?resize=277%2C300&amp;ssl=1 277w, https:\/\/i0.wp.com\/academiabilinguesanlorenzo.com\/wp\/wp-content\/uploads\/2020\/06\/kids.jpg?resize=947%2C1024&amp;ssl=1 947w, https:\/\/i0.wp.com\/academiabilinguesanlorenzo.com\/wp\/wp-content\/uploads\/2020\/06\/kids.jpg?resize=768%2C831&amp;ssl=1 768w\" sizes=\"(max-width: 947px) 100vw, 947px\" \/>\t\t\t\t\t\t\t\t\t\t\t\t\t<\/div>\n\t\t\t\t<\/div>\n\t\t\t\t\t<\/div>\n\t\t<\/div>\n\t\t\t\t\t<\/div>\n\t\t<\/section>\n\t\t\t\t\t<\/div>\n\t\t<\/div>\n\t\t\t\t\t<\/div>\n\t\t<\/section>\n\t\t\t\t<\/div>\n\t\t","protected":false},"excerpt":{"rendered":"<p>Rese\u00f1a Hist\u00f3rica La\u00a0Academia Biling\u00fce de San Lorenzo dio sus inicios en marzo del 2012 de preescolar a s\u00e9ptimo grado con una poblaci\u00f3n estudiantil de 75 estudiantes siendo sus instalaciones en lo que es hoy el \u00e1rea de pre escolar. En la actualidad cuenta con una poblaci\u00f3n estudiantil de mas de mil estudiantes desde la Educaci\u00f3n &#8230; <a title=\"Nosotros\" class=\"read-more\" href=\"https:\/\/academiabilinguesanlorenzo.com\/wp\/nosotros\/\" aria-label=\"Leer m\u00e1s sobre Nosotros\">Leer m\u00e1s<\/a><\/p>\n","protected":false},"author":6,"featured_media":0,"parent":0,"menu_order":0,"comment_status":"closed","ping_status":"closed","template":"elementor_header_footer","meta":{"ngg_post_thumbnail":0,"footnotes":""},"jetpack_sharing_enabled":true,"_links":{"self":[{"href":"https:\/\/academiabilinguesanlorenzo.com\/wp\/wp-json\/wp\/v2\/pages\/16578"}],"collection":[{"href":"https:\/\/academiabilinguesanlorenzo.com\/wp\/wp-json\/wp\/v2\/pages"}],"about":[{"href":"https:\/\/academiabilinguesanlorenzo.com\/wp\/wp-json\/wp\/v2\/types\/page"}],"author":[{"embeddable":true,"href":"https:\/\/academiabilinguesanlorenzo.com\/wp\/wp-json\/wp\/v2\/users\/6"}],"replies":[{"embeddable":true,"href":"https:\/\/academiabilinguesanlorenzo.com\/wp\/wp-json\/wp\/v2\/comments?post=16578"}],"version-history":[{"count":19,"href":"https:\/\/academiabilinguesanlorenzo.com\/wp\/wp-json\/wp\/v2\/pages\/16578\/revisions"}],"predecessor-version":[{"id":17806,"href":"https:\/\/academiabilinguesanlorenzo.com\/wp\/wp-json\/wp\/v2\/pages\/16578\/revisions\/17806"}],"wp:attachment":[{"href":"https:\/\/academiabilinguesanlorenzo.com\/wp\/wp-json\/wp\/v2\/media?parent=16578"}],"curies":[{"name":"wp","href":"https:\/\/api.w.org\/{rel}","templated":true}]}}